{"id":20,"date":"2023-04-24T09:51:07","date_gmt":"2023-04-24T12:51:07","guid":{"rendered":"http:\/\/localhost\/electrodharma\/?page_id=20"},"modified":"2024-03-06T10:50:08","modified_gmt":"2024-03-06T13:50:08","slug":"servicios","status":"publish","type":"page","link":"https:\/\/electrodharma.com\/en\/home\/servicios\/","title":{"rendered":"SERVICES"},"content":{"rendered":"<div class=\"wp-block-cover alignfull is-light\" style=\"min-height:430px;aspect-ratio:unset;\"><span aria-hidden=\"true\" class=\"wp-block-cover__background has-background-dim-0 has-background-dim\"><\/span><img loading=\"lazy\" decoding=\"async\" width=\"2560\" height=\"1121\" class=\"wp-block-cover__image-background wp-image-2503\" alt=\"\" src=\"https:\/\/electrodharma.com\/wp-content\/uploads\/2023\/11\/HEADER_SERV-scaled.jpg\" style=\"object-position:46% 72%\" data-object-fit=\"cover\" data-object-position=\"46% 72%\" srcset=\"https:\/\/electrodharma.com\/wp-content\/uploads\/2023\/11\/HEADER_SERV-scaled.jpg 2560w, https:\/\/electrodharma.com\/wp-content\/uploads\/2023\/11\/HEADER_SERV-300x131.jpg 300w, https:\/\/electrodharma.com\/wp-content\/uploads\/2023\/11\/HEADER_SERV-1024x449.jpg 1024w, https:\/\/electrodharma.com\/wp-content\/uploads\/2023\/11\/HEADER_SERV-768x336.jpg 768w, https:\/\/electrodharma.com\/wp-content\/uploads\/2023\/11\/HEADER_SERV-1536x673.jpg 1536w, https:\/\/electrodharma.com\/wp-content\/uploads\/2023\/11\/HEADER_SERV-2048x897.jpg 2048w\" sizes=\"auto, (max-width: 2560px) 100vw, 2560px\" \/><div class=\"wp-block-cover__inner-container is-layout-flow wp-block-cover-is-layout-flow\">\n<div style=\"height:170px\" aria-hidden=\"true\" class=\"wp-block-spacer\"><\/div>\n\n\n\n<div class=\"wp-block-columns titulos has-background is-layout-flex wp-container-core-columns-is-layout-9d6595d7 wp-block-columns-is-layout-flex\" style=\"background-color:#000000b3\">\n<div class=\"wp-block-column is-layout-flow wp-block-column-is-layout-flow\">\n<div style=\"height:20px\" aria-hidden=\"true\" class=\"wp-block-spacer\"><\/div>\n\n\n\n<p class=\"has-text-align-left has-nv-text-dark-bg-color has-text-color has-link-color wp-elements-ccf3e7a74074847a80f1f092f19e72c3\" style=\"font-size:3rem\"><strong>SERVICES<\/strong><\/p>\n\n\n\n<hr class=\"wp-block-separator has-text-color has-alpha-channel-opacity has-background is-style-wide\" style=\"background-color:#ca261d;color:#ca261d\"\/>\n\n\n\n<p class=\"has-nv-text-dark-bg-color has-text-color has-link-color wp-elements-42881a549b02430c64981e57c2a42610\" style=\"font-size:1.3em\">ElectroDharma, through a variety of engineering services, puts at your disposal the experience and knowledge acquired, which allows us to cover the following areas:<\/p>\n<\/div>\n<\/div>\n<\/div><\/div>\n\n\n\n<div style=\"height:60px\" aria-hidden=\"true\" class=\"wp-block-spacer\"><\/div>\n\n\n\n<div class=\"wp-block-columns is-layout-flex wp-container-core-columns-is-layout-9d6595d7 wp-block-columns-is-layout-flex\">\n<div class=\"wp-block-column CajaServiciosInt has-nv-light-bg-background-color has-background is-layout-flow wp-block-column-is-layout-flow\">\n<div style=\"height:20px\" aria-hidden=\"true\" class=\"wp-block-spacer\"><\/div>\n\n\n<div class=\"wp-block-image is-style-rounded\">\n<figure class=\"aligncenter size-medium is-resized\"><img loading=\"lazy\" decoding=\"async\" width=\"300\" height=\"168\" src=\"https:\/\/electrodharma.com\/wp-content\/uploads\/2023\/11\/SERVI_ING1-300x168.png\" alt=\"\" class=\"wp-image-2166\" style=\"width:320px\" srcset=\"https:\/\/electrodharma.com\/wp-content\/uploads\/2023\/11\/SERVI_ING1-300x168.png 300w, https:\/\/electrodharma.com\/wp-content\/uploads\/2023\/11\/SERVI_ING1.png 600w\" sizes=\"auto, (max-width: 300px) 100vw, 300px\" \/><\/figure>\n<\/div>\n\n\n<div style=\"height:20px\" aria-hidden=\"true\" class=\"wp-block-spacer\"><\/div>\n\n\n\n<p class=\"has-text-align-center\" style=\"font-size:19px\">Engineering Services<\/p>\n\n\n\n<div class=\"wp-block-buttons is-content-justification-center is-layout-flex wp-container-core-buttons-is-layout-16018d1d wp-block-buttons-is-layout-flex\">\n<div class=\"wp-block-button has-custom-width wp-block-button__width-100 is-style-primary\"><a class=\"wp-block-button__link wp-element-button\" href=\"https:\/\/electrodharma.com\/en\/home\/servicios\/servicios-ingenieria\/\" style=\"border-radius:5px\">MORE INFORMATION<\/a><\/div>\n<\/div>\n\n\n\n<div style=\"height:30px\" aria-hidden=\"true\" class=\"wp-block-spacer\"><\/div>\n<\/div>\n\n\n\n<div class=\"wp-block-column CajaServiciosInt has-nv-light-bg-background-color has-background is-layout-flow wp-block-column-is-layout-flow\">\n<div style=\"height:20px\" aria-hidden=\"true\" class=\"wp-block-spacer\"><\/div>\n\n\n<div class=\"wp-block-image is-style-rounded\">\n<figure class=\"aligncenter size-full is-resized\"><img loading=\"lazy\" decoding=\"async\" width=\"600\" height=\"336\" src=\"https:\/\/electrodharma.com\/wp-content\/uploads\/2023\/11\/SERVI_ING2.png\" alt=\"\" class=\"wp-image-2170\" style=\"width:320px\" srcset=\"https:\/\/electrodharma.com\/wp-content\/uploads\/2023\/11\/SERVI_ING2.png 600w, https:\/\/electrodharma.com\/wp-content\/uploads\/2023\/11\/SERVI_ING2-300x168.png 300w\" sizes=\"auto, (max-width: 600px) 100vw, 600px\" \/><\/figure>\n<\/div>\n\n\n<div style=\"height:20px\" aria-hidden=\"true\" class=\"wp-block-spacer\"><\/div>\n\n\n\n<p class=\"has-text-align-center\" style=\"font-size:19px\">Renewable Energy<\/p>\n\n\n\n<div class=\"wp-block-buttons is-content-justification-center is-layout-flex wp-container-core-buttons-is-layout-16018d1d wp-block-buttons-is-layout-flex\">\n<div class=\"wp-block-button has-custom-width wp-block-button__width-100 is-style-primary\"><a class=\"wp-block-button__link wp-element-button\" href=\"https:\/\/electrodharma.com\/en\/home\/servicios\/energias-renobables\/\" style=\"border-radius:5px\">MORE INFORMATION<\/a><\/div>\n<\/div>\n\n\n\n<div style=\"height:30px\" aria-hidden=\"true\" class=\"wp-block-spacer\"><\/div>\n<\/div>\n\n\n\n<div class=\"wp-block-column CajaServiciosInt has-nv-light-bg-background-color has-background is-layout-flow wp-block-column-is-layout-flow\">\n<div style=\"height:20px\" aria-hidden=\"true\" class=\"wp-block-spacer\"><\/div>\n\n\n<div class=\"wp-block-image is-style-rounded\">\n<figure class=\"aligncenter size-full is-resized\"><img loading=\"lazy\" decoding=\"async\" width=\"600\" height=\"336\" src=\"https:\/\/electrodharma.com\/wp-content\/uploads\/2023\/11\/SERVI_ING3.png\" alt=\"\" class=\"wp-image-2174\" style=\"width:320px\" srcset=\"https:\/\/electrodharma.com\/wp-content\/uploads\/2023\/11\/SERVI_ING3.png 600w, https:\/\/electrodharma.com\/wp-content\/uploads\/2023\/11\/SERVI_ING3-300x168.png 300w\" sizes=\"auto, (max-width: 600px) 100vw, 600px\" \/><\/figure>\n<\/div>\n\n\n<div style=\"height:20px\" aria-hidden=\"true\" class=\"wp-block-spacer\"><\/div>\n\n\n\n<p class=\"has-text-align-center\" style=\"font-size:19px\">Underground Cables<\/p>\n\n\n\n<div class=\"wp-block-buttons is-content-justification-center is-layout-flex wp-container-core-buttons-is-layout-16018d1d wp-block-buttons-is-layout-flex\">\n<div class=\"wp-block-button has-custom-width wp-block-button__width-100 is-style-primary\"><a class=\"wp-block-button__link wp-element-button\" href=\"https:\/\/electrodharma.com\/en\/home\/servicios\/cables-subterraneos\/\" style=\"border-radius:5px\">MORE INFORMATION<\/a><\/div>\n<\/div>\n\n\n\n<div style=\"height:30px\" aria-hidden=\"true\" class=\"wp-block-spacer\"><\/div>\n<\/div>\n<\/div>\n\n\n\n<div class=\"wp-block-columns is-layout-flex wp-container-core-columns-is-layout-9d6595d7 wp-block-columns-is-layout-flex\">\n<div class=\"wp-block-column CajaServiciosInt has-nv-light-bg-background-color has-background is-layout-flow wp-block-column-is-layout-flow\">\n<div style=\"height:20px\" aria-hidden=\"true\" class=\"wp-block-spacer\"><\/div>\n\n\n<div class=\"wp-block-image is-style-rounded\">\n<figure class=\"aligncenter size-medium is-resized\"><img loading=\"lazy\" decoding=\"async\" width=\"300\" height=\"168\" src=\"https:\/\/electrodharma.com\/wp-content\/uploads\/2023\/11\/SERVI_ING4-300x168.png\" alt=\"\" class=\"wp-image-2201\" style=\"width:320px\" srcset=\"https:\/\/electrodharma.com\/wp-content\/uploads\/2023\/11\/SERVI_ING4-300x168.png 300w, https:\/\/electrodharma.com\/wp-content\/uploads\/2023\/11\/SERVI_ING4.png 600w\" sizes=\"auto, (max-width: 300px) 100vw, 300px\" \/><\/figure>\n<\/div>\n\n\n<div style=\"height:20px\" aria-hidden=\"true\" class=\"wp-block-spacer\"><\/div>\n\n\n\n<p class=\"has-text-align-center\" style=\"font-size:19px\">Electrical Proyects<\/p>\n\n\n\n<div style=\"height:27px\" aria-hidden=\"true\" class=\"wp-block-spacer\"><\/div>\n\n\n\n<div class=\"wp-block-buttons is-content-justification-center is-layout-flex wp-container-core-buttons-is-layout-16018d1d wp-block-buttons-is-layout-flex\">\n<div class=\"wp-block-button has-custom-width wp-block-button__width-100 is-style-primary\"><a class=\"wp-block-button__link wp-element-button\" href=\"https:\/\/electrodharma.com\/en\/home\/servicios\/obras-electricas\/\" style=\"border-radius:5px\">MORE INFORMATION<\/a><\/div>\n<\/div>\n\n\n\n<div style=\"height:30px\" aria-hidden=\"true\" class=\"wp-block-spacer\"><\/div>\n<\/div>\n\n\n\n<div class=\"wp-block-column CajaServiciosInt has-nv-light-bg-background-color has-background is-layout-flow wp-block-column-is-layout-flow\">\n<div style=\"height:20px\" aria-hidden=\"true\" class=\"wp-block-spacer\"><\/div>\n\n\n<div class=\"wp-block-image is-style-rounded\">\n<figure class=\"aligncenter size-full is-resized\"><img loading=\"lazy\" decoding=\"async\" width=\"600\" height=\"336\" src=\"https:\/\/electrodharma.com\/wp-content\/uploads\/2023\/11\/SERVI_ING5.png\" alt=\"\" class=\"wp-image-2204\" style=\"width:320px\" srcset=\"https:\/\/electrodharma.com\/wp-content\/uploads\/2023\/11\/SERVI_ING5.png 600w, https:\/\/electrodharma.com\/wp-content\/uploads\/2023\/11\/SERVI_ING5-300x168.png 300w\" sizes=\"auto, (max-width: 600px) 100vw, 600px\" \/><\/figure>\n<\/div>\n\n\n<div style=\"height:20px\" aria-hidden=\"true\" class=\"wp-block-spacer\"><\/div>\n\n\n\n<p class=\"has-text-align-center translation-block\" style=\"font-size:19px\">Services and Maintenance of Electrical Equipment<\/p>\n\n\n\n<div class=\"wp-block-buttons is-content-justification-center is-layout-flex wp-container-core-buttons-is-layout-16018d1d wp-block-buttons-is-layout-flex\">\n<div class=\"wp-block-button has-custom-width wp-block-button__width-100 is-style-primary\"><a class=\"wp-block-button__link wp-element-button\" href=\"https:\/\/electrodharma.com\/en\/home\/servicios\/mantenimiento-equipos\/\" style=\"border-radius:5px\">MORE INFORMATION<\/a><\/div>\n<\/div>\n\n\n\n<div style=\"height:30px\" aria-hidden=\"true\" class=\"wp-block-spacer\"><\/div>\n<\/div>\n\n\n\n<div class=\"wp-block-column CajaServiciosInt has-nv-light-bg-background-color has-background is-layout-flow wp-block-column-is-layout-flow\">\n<div style=\"height:20px\" aria-hidden=\"true\" class=\"wp-block-spacer\"><\/div>\n\n\n<div class=\"wp-block-image is-style-rounded\">\n<figure class=\"aligncenter size-full is-resized\"><img loading=\"lazy\" decoding=\"async\" width=\"600\" height=\"336\" src=\"https:\/\/electrodharma.com\/wp-content\/uploads\/2023\/11\/SERVI_ING6.png\" alt=\"\" class=\"wp-image-2206\" style=\"width:320px\" srcset=\"https:\/\/electrodharma.com\/wp-content\/uploads\/2023\/11\/SERVI_ING6.png 600w, https:\/\/electrodharma.com\/wp-content\/uploads\/2023\/11\/SERVI_ING6-300x168.png 300w\" sizes=\"auto, (max-width: 600px) 100vw, 600px\" \/><\/figure>\n<\/div>\n\n\n<div style=\"height:20px\" aria-hidden=\"true\" class=\"wp-block-spacer\"><\/div>\n\n\n\n<p class=\"has-text-align-center\" style=\"font-size:19px\">Distribution and Sale<\/p>\n\n\n\n<div style=\"height:27px\" aria-hidden=\"true\" class=\"wp-block-spacer\"><\/div>\n\n\n\n<div class=\"wp-block-buttons is-content-justification-center is-layout-flex wp-container-core-buttons-is-layout-16018d1d wp-block-buttons-is-layout-flex\">\n<div class=\"wp-block-button has-custom-width wp-block-button__width-100 is-style-primary\"><a class=\"wp-block-button__link wp-element-button\" href=\"https:\/\/electrodharma.com\/en\/home\/servicios\/distribucion-venta\/\" style=\"border-radius:5px\">MORE INFORMATION<\/a><\/div>\n<\/div>\n\n\n\n<div style=\"height:30px\" aria-hidden=\"true\" class=\"wp-block-spacer\"><\/div>\n<\/div>\n<\/div>\n\n\n\n<div style=\"height:60px\" aria-hidden=\"true\" class=\"wp-block-spacer\"><\/div>\n\n\n\n<div class=\"wp-block-cover alignfull\" style=\"min-height:300px;aspect-ratio:unset;\"><span aria-hidden=\"true\" class=\"wp-block-cover__background has-background-dim-100 has-background-dim\" style=\"background-color:#ca261d\"><\/span><div class=\"wp-block-cover__inner-container is-layout-flow wp-block-cover-is-layout-flow\">\n<div style=\"height:70px\" aria-hidden=\"true\" class=\"wp-block-spacer\"><\/div>\n\n\n<div class=\"wp-block-image is-resized\">\n<figure class=\"aligncenter size-full\"><img loading=\"lazy\" decoding=\"async\" width=\"900\" height=\"155\" src=\"https:\/\/electrodharma.com\/wp-content\/uploads\/2023\/11\/iconos_footer-1.png\" alt=\"\" class=\"wp-image-1862\" style=\"width:400px\" srcset=\"https:\/\/electrodharma.com\/wp-content\/uploads\/2023\/11\/iconos_footer-1.png 900w, https:\/\/electrodharma.com\/wp-content\/uploads\/2023\/11\/iconos_footer-1-300x52.png 300w, https:\/\/electrodharma.com\/wp-content\/uploads\/2023\/11\/iconos_footer-1-768x132.png 768w\" sizes=\"auto, (max-width: 900px) 100vw, 900px\" \/><\/figure>\n<\/div>\n\n\n<div style=\"height:30px\" aria-hidden=\"true\" class=\"wp-block-spacer\"><\/div>\n\n\n\n<h2 class=\"wp-block-heading has-text-align-center has-nv-text-dark-bg-color has-text-color\" style=\"font-size:26px\"><strong><strong>CONTACT<\/strong><\/strong><\/h2>\n\n\n\n<p class=\"has-text-align-center\" id=\"u52964-4\">Av. Nueva Providencia 1945, Office 807 \u2013 Providencia, Santiago of Chile<\/p>\n\n\n\n<p class=\"has-text-align-center\" id=\"u52964-8\">\ud83d\udce0 Phone <strong>(+56 2) 22476003<\/strong> &#8211;<strong> (+56 2) 33401836<\/strong> \u2013 \ud83d\udcf2 Cellphone <strong>(+56 9) 8351 9293<\/strong><\/p>\n\n\n\n<p class=\"has-text-align-center\" id=\"u52964-12\">contacto@localhost<\/p>\n\n\n\n<div style=\"height:30px\" aria-hidden=\"true\" class=\"wp-block-spacer\"><\/div>\n\n\n\n<div class=\"wp-block-buttons is-content-justification-center is-layout-flex wp-container-core-buttons-is-layout-16018d1d wp-block-buttons-is-layout-flex\">\n<div class=\"wp-block-button has-custom-width wp-block-button__width-75 is-style-primary\"><a class=\"wp-block-button__link wp-element-button\" href=\"https:\/\/electrodharma.com\/en\/home\/contacto\/\">CONTACT<\/a><\/div>\n<\/div>\n\n\n\n<div style=\"height:40px\" aria-hidden=\"true\" class=\"wp-block-spacer\"><\/div>\n\n\n\n<p class=\"has-text-align-center has-small-font-size\">\u00a9 2025 ELECTRODHARMA. All rights reserved<\/p>\n<\/div><\/div>","protected":false},"excerpt":{"rendered":"<p>Servicios Ingenier\u00eda Energ\u00edas Renovables Cables Subterr\u00e1neos Obras El\u00e9ctricas Servicios y Mantenimientode Equipos El\u00e9ctricos Distribuci\u00f3n y Venta<\/p>","protected":false},"author":1,"featured_media":0,"parent":17,"menu_order":3,"comment_status":"closed","ping_status":"closed","template":"","meta":{"_monsterinsights_skip_tracking":false,"_monsterinsights_sitenote_active":false,"_monsterinsights_sitenote_note":"","_monsterinsights_sitenote_category":0,"neve_meta_sidebar":"","neve_meta_container":"","neve_meta_enable_content_width":"on","neve_meta_content_width":100,"neve_meta_title_alignment":"","neve_meta_author_avatar":"","neve_post_elements_order":"","neve_meta_disable_header":"","neve_meta_disable_footer":"","neve_meta_disable_title":"on","footnotes":""},"class_list":["post-20","page","type-page","status-publish","hentry"],"_links":{"self":[{"href":"https:\/\/electrodharma.com\/en\/wp-json\/wp\/v2\/pages\/20","targetHints":{"allow":["GET"]}}],"collection":[{"href":"https:\/\/electrodharma.com\/en\/wp-json\/wp\/v2\/pages"}],"about":[{"href":"https:\/\/electrodharma.com\/en\/wp-json\/wp\/v2\/types\/page"}],"author":[{"embeddable":true,"href":"https:\/\/electrodharma.com\/en\/wp-json\/wp\/v2\/users\/1"}],"replies":[{"embeddable":true,"href":"https:\/\/electrodharma.com\/en\/wp-json\/wp\/v2\/comments?post=20"}],"version-history":[{"count":216,"href":"https:\/\/electrodharma.com\/en\/wp-json\/wp\/v2\/pages\/20\/revisions"}],"predecessor-version":[{"id":3951,"href":"https:\/\/electrodharma.com\/en\/wp-json\/wp\/v2\/pages\/20\/revisions\/3951"}],"up":[{"embeddable":true,"href":"https:\/\/electrodharma.com\/en\/wp-json\/wp\/v2\/pages\/17"}],"wp:attachment":[{"href":"https:\/\/electrodharma.com\/en\/wp-json\/wp\/v2\/media?parent=20"}],"curies":[{"name":"wp","href":"https:\/\/api.w.org\/{rel}","templated":true}]}}